{"id":258561,"date":"2024-07-08T21:58:09","date_gmt":"2024-07-08T19:58:09","guid":{"rendered":"https:\/\/artceramic.fr\/?page_id=258561"},"modified":"2025-05-26T21:51:53","modified_gmt":"2025-05-26T19:51:53","slug":"guide-conseil","status":"publish","type":"page","link":"https:\/\/artceramic.fr\/index.php\/guide-conseil\/","title":{"rendered":"Guide &amp; Conseil"},"content":{"rendered":"<p>[et_pb_section fb_built=\u00a0\u00bb1&Prime; _builder_version=\u00a0\u00bb4.26.0&Prime; _module_preset=\u00a0\u00bbdefault\u00a0\u00bb background_color=\u00a0\u00bb#FFFFFF\u00a0\u00bb da_disable_devices=\u00a0\u00bboff|off|off\u00a0\u00bb global_colors_info=\u00a0\u00bb{}\u00a0\u00bb theme_builder_area=\u00a0\u00bbpost_content\u00a0\u00bb da_is_popup=\u00a0\u00bboff\u00a0\u00bb da_exit_intent=\u00a0\u00bboff\u00a0\u00bb da_has_close=\u00a0\u00bbon\u00a0\u00bb da_alt_close=\u00a0\u00bboff\u00a0\u00bb da_dark_close=\u00a0\u00bboff\u00a0\u00bb da_not_modal=\u00a0\u00bbon\u00a0\u00bb da_is_singular=\u00a0\u00bboff\u00a0\u00bb da_with_loader=\u00a0\u00bboff\u00a0\u00bb da_has_shadow=\u00a0\u00bbon\u00a0\u00bb][et_pb_row _builder_version=\u00a0\u00bb4.26.0&Prime; _module_preset=\u00a0\u00bbdefault\u00a0\u00bb global_colors_info=\u00a0\u00bb{}\u00a0\u00bb theme_builder_area=\u00a0\u00bbpost_content\u00a0\u00bb][et_pb_column type=\u00a0\u00bb4_4&Prime; _builder_version=\u00a0\u00bb4.26.0&Prime; _module_preset=\u00a0\u00bbdefault\u00a0\u00bb global_colors_info=\u00a0\u00bb{}\u00a0\u00bb theme_builder_area=\u00a0\u00bbpost_content\u00a0\u00bb][et_pb_text _builder_version=\u00a0\u00bb4.26.0&Prime; _module_preset=\u00a0\u00bbdefault\u00a0\u00bb text_font=\u00a0\u00bbOswald||||||||\u00a0\u00bb text_text_color=\u00a0\u00bb#000000&Prime; text_font_size=\u00a0\u00bb84px\u00a0\u00bb text_orientation=\u00a0\u00bbcenter\u00a0\u00bb text_font_size_tablet=\u00a0\u00bb67px\u00a0\u00bb text_font_size_phone=\u00a0\u00bb40px\u00a0\u00bb text_font_size_last_edited=\u00a0\u00bbon|phone\u00a0\u00bb text_text_shadow_style=\u00a0\u00bbpreset4&Prime; text_text_shadow_color=\u00a0\u00bb#FFFFFF\u00a0\u00bb global_colors_info=\u00a0\u00bb{}\u00a0\u00bb theme_builder_area=\u00a0\u00bbpost_content\u00a0\u00bb]<\/p>\n<p>Art Ceramic<\/p>\n<p>[\/et_pb_text][et_pb_divider show_divider=\u00a0\u00bboff\u00a0\u00bb _builder_version=\u00a0\u00bb4.26.0&Prime; _module_preset=\u00a0\u00bbdefault\u00a0\u00bb global_colors_info=\u00a0\u00bb{}\u00a0\u00bb theme_builder_area=\u00a0\u00bbpost_content\u00a0\u00bb][\/et_pb_divider][\/et_pb_column][\/et_pb_row][\/et_pb_section][et_pb_section fb_built=\u00a0\u00bb1&Prime; _builder_version=\u00a0\u00bb4.26.0&Prime; _module_preset=\u00a0\u00bbdefault\u00a0\u00bb da_disable_devices=\u00a0\u00bboff|off|off\u00a0\u00bb global_colors_info=\u00a0\u00bb{}\u00a0\u00bb theme_builder_area=\u00a0\u00bbpost_content\u00a0\u00bb da_is_popup=\u00a0\u00bboff\u00a0\u00bb da_exit_intent=\u00a0\u00bboff\u00a0\u00bb da_has_close=\u00a0\u00bbon\u00a0\u00bb da_alt_close=\u00a0\u00bboff\u00a0\u00bb da_dark_close=\u00a0\u00bboff\u00a0\u00bb da_not_modal=\u00a0\u00bbon\u00a0\u00bb da_is_singular=\u00a0\u00bboff\u00a0\u00bb da_with_loader=\u00a0\u00bboff\u00a0\u00bb da_has_shadow=\u00a0\u00bbon\u00a0\u00bb][et_pb_row _builder_version=\u00a0\u00bb4.26.0&Prime; _module_preset=\u00a0\u00bbdefault\u00a0\u00bb global_colors_info=\u00a0\u00bb{}\u00a0\u00bb theme_builder_area=\u00a0\u00bbpost_content\u00a0\u00bb][et_pb_column type=\u00a0\u00bb4_4&Prime; _builder_version=\u00a0\u00bb4.26.0&Prime; _module_preset=\u00a0\u00bbdefault\u00a0\u00bb global_colors_info=\u00a0\u00bb{}\u00a0\u00bb theme_builder_area=\u00a0\u00bbpost_content\u00a0\u00bb][et_pb_text _builder_version=\u00a0\u00bb4.26.0&Prime; _module_preset=\u00a0\u00bbdefault\u00a0\u00bb text_font=\u00a0\u00bbAveria Libre||||||||\u00a0\u00bb text_text_color=\u00a0\u00bb#000000&Prime; text_font_size=\u00a0\u00bb50px\u00a0\u00bb text_orientation=\u00a0\u00bbcenter\u00a0\u00bb global_colors_info=\u00a0\u00bb{}\u00a0\u00bb theme_builder_area=\u00a0\u00bbpost_content\u00a0\u00bb]<\/p>\n<p>Notre Guide<\/p>\n<p>[\/et_pb_text][et_pb_divider show_divider=\u00a0\u00bboff\u00a0\u00bb _builder_version=\u00a0\u00bb4.26.0&Prime; _module_preset=\u00a0\u00bbdefault\u00a0\u00bb global_colors_info=\u00a0\u00bb{}\u00a0\u00bb theme_builder_area=\u00a0\u00bbpost_content\u00a0\u00bb][\/et_pb_divider][dsm_typing_effect typing_effect=\u00a0\u00bbEn 4 \u00e9tapes\u00a0\u00bb before_new_line=\u00a0\u00bbon\u00a0\u00bb after_new_line=\u00a0\u00bbon\u00a0\u00bb typing_speed=\u00a0\u00bb112ms\u00a0\u00bb typing_backspeed=\u00a0\u00bb115ms\u00a0\u00bb typing_viewport_repeat=\u00a0\u00bboff\u00a0\u00bb _builder_version=\u00a0\u00bb4.26.0&Prime; _module_preset=\u00a0\u00bbdefault\u00a0\u00bb header_text_align=\u00a0\u00bbcenter\u00a0\u00bb typing_text_align=\u00a0\u00bbcenter\u00a0\u00bb global_colors_info=\u00a0\u00bb{}\u00a0\u00bb theme_builder_area=\u00a0\u00bbpost_content\u00a0\u00bb][\/dsm_typing_effect][dsm_content_timeline dsm_tree_animation=\u00a0\u00bbon\u00a0\u00bb dsm_fill_animation_speed=\u00a0\u00bb2600&Prime; dsm_bg_color=\u00a0\u00bbRGBA(255,255,255,0)\u00a0\u00bb _builder_version=\u00a0\u00bb4.26.0&Prime; _module_preset=\u00a0\u00bbdefault\u00a0\u00bb global_colors_info=\u00a0\u00bb{}\u00a0\u00bb theme_builder_area=\u00a0\u00bbpost_content\u00a0\u00bb][dsm_content_timeline_child dsm_image=\u00a0\u00bbhttps:\/\/artceramic.fr\/wp-content\/uploads\/2024\/07\/creative-light-bulb-abstract-glowing-blue-background-generative-ai-scaled.jpg\u00a0\u00bb title_text=\u00a0\u00bbCreative light bulb abstract on glowing blue background ,generative AI\u00a0\u00bb dsm_icon_image_placement=\u00a0\u00bbleft\u00a0\u00bb dsm_title=\u00a0\u00bbInspirez-vous librement\u00a0\u00bb dsm_content=\u00a0\u00bb<\/p>\n<p>Choisissez la d\u00e9co qui vous ressemble en vous inspirant de nos conseils.<br \/>Donnez vie \u00e0 vos id\u00e9es en feuilletant \u00e9galement notre brochure.<\/p>\n<p>\u00a0\u00bb _builder_version=\u00a0\u00bb4.26.0&Prime; _module_preset=\u00a0\u00bbdefault\u00a0\u00bb header_font=\u00a0\u00bbAveria Libre||||||||\u00a0\u00bb content_font=\u00a0\u00bb&#8211;et_global_body_font||||||||\u00a0\u00bb global_colors_info=\u00a0\u00bb{}\u00a0\u00bb theme_builder_area=\u00a0\u00bbpost_content\u00a0\u00bb parent_header_level=\u00a0\u00bbh4&Prime;][\/dsm_content_timeline_child][dsm_content_timeline_child dsm_image=\u00a0\u00bbhttps:\/\/artceramic.fr\/wp-content\/uploads\/2024\/07\/top-half-view-round-platter-black-table-with-free-place-scaled.jpg\u00a0\u00bb title_text=\u00a0\u00bbtop-half-view-round-platter-black-table-with-free-place\u00a0\u00bb dsm_icon_image_placement=\u00a0\u00bbleft\u00a0\u00bb dsm_title=\u00a0\u00bb D\u00e9terminez l\u2019application\u00a0\u00bb dsm_content=\u00a0\u00bb<\/p>\n<p>Au-del\u00e0 des habituelles destinations sol et mur et gr\u00e2ce aux propri\u00e9t\u00e9s exceptionnelles de la s\u00e9lection Art Ceramic, la c\u00e9ramique exprime aujourd\u2019hui ses atouts sur des applications nouvelles telles que : le rev\u00eatement de mur, le rev\u00eatement de sol, le plan de travail de cuisine, le placage de mobilier, le plan vasque, le plateau de table et la fa\u00e7ade. Vous allez en surprendre plus d\u2019un avec toutes les possibilit\u00e9s du carrelage grand format.<\/p>\n<p>\u00a0\u00bb _builder_version=\u00a0\u00bb4.26.0&Prime; _module_preset=\u00a0\u00bbdefault\u00a0\u00bb header_font=\u00a0\u00bbAveria Libre||||||||\u00a0\u00bb content_font=\u00a0\u00bb&#8211;et_global_body_font||||||||\u00a0\u00bb global_colors_info=\u00a0\u00bb{}\u00a0\u00bb theme_builder_area=\u00a0\u00bbpost_content\u00a0\u00bb parent_header_level=\u00a0\u00bbh4&Prime;][\/dsm_content_timeline_child][dsm_content_timeline_child dsm_image=\u00a0\u00bbhttps:\/\/artceramic.fr\/wp-content\/uploads\/2024\/07\/top-half-view-round-platter-black-table-with-free-place-scaled.jpg\u00a0\u00bb title_text=\u00a0\u00bbtop-half-view-round-platter-black-table-with-free-place\u00a0\u00bb dsm_icon_image_placement=\u00a0\u00bbleft\u00a0\u00bb dsm_title=\u00a0\u00bbChoisissez votre carrelage\u00a0\u00bb dsm_content=\u00a0\u00bb<\/p>\n<p>Vous \u00eates unique et multiple \u00e0 la fois. Vos projets de d\u00e9co sont le reflet de votre \u00e2me. Pour votre am\u00e9nagement int\u00e9rieur ou ext\u00e9rieur, Art C\u00e9ramic vous accompagne : pierre, b\u00e9ton urbain, marbre, unis et d\u00e9cors ou encore plans vendus pr\u00eat \u00e0 la pose. Notre carrelage XXL, c\u2019est plus de : 6 formats, 6 \u00e9paisseurs, 88 coloris et 133 r\u00e9f\u00e9rences.<\/p>\n<p>\u00a0\u00bb _builder_version=\u00a0\u00bb4.26.0&Prime; _module_preset=\u00a0\u00bbdefault\u00a0\u00bb header_font=\u00a0\u00bbAveria Libre||||||||\u00a0\u00bb content_font=\u00a0\u00bb&#8211;et_global_body_font||||||||\u00a0\u00bb global_colors_info=\u00a0\u00bb{}\u00a0\u00bb theme_builder_area=\u00a0\u00bbpost_content\u00a0\u00bb parent_header_level=\u00a0\u00bbh4&Prime;][\/dsm_content_timeline_child][dsm_content_timeline_child dsm_image=\u00a0\u00bbhttps:\/\/artceramic.fr\/wp-content\/uploads\/2024\/07\/top-view-boards-mdf-material-scaled.jpg\u00a0\u00bb title_text=\u00a0\u00bbtop-view-boards-mdf-material\u00a0\u00bb dsm_icon_image_placement=\u00a0\u00bbleft\u00a0\u00bb dsm_title=\u00a0\u00bb Peaufinez votre projet en magasin\u00a0\u00bb dsm_content=\u00a0\u00bb<\/p>\n<p>Appuyez-vous sur l\u2019expertise de nos conseillers. Ils sont l\u00e0 pour vous aider. Vous pouvez \u00e9galement vous rendre en magasin pour pouvoir toucher et voir en vrai des \u00e9chantillons de carrelage.<\/p>\n<p>\u00a0\u00bb _builder_version=\u00a0\u00bb4.26.0&Prime; _module_preset=\u00a0\u00bbdefault\u00a0\u00bb header_font=\u00a0\u00bbAveria Libre||||||||\u00a0\u00bb content_font=\u00a0\u00bb&#8211;et_global_body_font||||||||\u00a0\u00bb global_colors_info=\u00a0\u00bb{}\u00a0\u00bb theme_builder_area=\u00a0\u00bbpost_content\u00a0\u00bb parent_header_level=\u00a0\u00bbh4&Prime;][\/dsm_content_timeline_child][\/dsm_content_timeline][\/et_pb_column][\/et_pb_row][et_pb_row _builder_version=\u00a0\u00bb4.26.0&Prime; _module_preset=\u00a0\u00bbdefault\u00a0\u00bb global_colors_info=\u00a0\u00bb{}\u00a0\u00bb theme_builder_area=\u00a0\u00bbpost_content\u00a0\u00bb][et_pb_column type=\u00a0\u00bb4_4&Prime; _builder_version=\u00a0\u00bb4.26.0&Prime; _module_preset=\u00a0\u00bbdefault\u00a0\u00bb global_colors_info=\u00a0\u00bb{}\u00a0\u00bb theme_builder_area=\u00a0\u00bbpost_content\u00a0\u00bb][et_pb_text _builder_version=\u00a0\u00bb4.26.0&Prime; _module_preset=\u00a0\u00bbdefault\u00a0\u00bb text_font=\u00a0\u00bbAveria Libre||||||||\u00a0\u00bb text_text_color=\u00a0\u00bb#000000&Prime; text_font_size=\u00a0\u00bb39px\u00a0\u00bb text_line_height=\u00a0\u00bb1.8em\u00a0\u00bb text_orientation=\u00a0\u00bbcenter\u00a0\u00bb global_colors_info=\u00a0\u00bb{}\u00a0\u00bb theme_builder_area=\u00a0\u00bbpost_content\u00a0\u00bb]<\/p>\n<p>Nos sp\u00e9cificit\u00e9s<\/p>\n<p>[\/et_pb_text][et_pb_accordion icon_color=\u00a0\u00bb#0C71C3&Prime; _builder_version=\u00a0\u00bb4.26.0&Prime; _module_preset=\u00a0\u00bbdefault\u00a0\u00bb toggle_font=\u00a0\u00bbAveria Libre||||||||\u00a0\u00bb toggle_text_align=\u00a0\u00bbcenter\u00a0\u00bb toggle_font_size=\u00a0\u00bb18px\u00a0\u00bb body_font=\u00a0\u00bb&#8211;et_global_body_font||||||||\u00a0\u00bb body_font_size=\u00a0\u00bb13px\u00a0\u00bb text_orientation=\u00a0\u00bbleft\u00a0\u00bb toggle_text_shadow_style=\u00a0\u00bbpreset3&Prime; global_colors_info=\u00a0\u00bb{}\u00a0\u00bb theme_builder_area=\u00a0\u00bbpost_content\u00a0\u00bb][et_pb_accordion_item title=\u00a0\u00bbL\u2019\u00e9cologie\u00a0\u00bb open=\u00a0\u00bbon\u00a0\u00bb _builder_version=\u00a0\u00bb4.26.0&Prime; _module_preset=\u00a0\u00bbdefault\u00a0\u00bb global_colors_info=\u00a0\u00bb{}\u00a0\u00bb theme_builder_area=\u00a0\u00bbpost_content\u00a0\u00bb]<\/p>\n<p>Engag\u00e9e dans le respect de l\u2019environnement, la soci\u00e9t\u00e9 ART C\u00e9ramic porte une attention particuli\u00e8re \u00e0 l\u2019impact du secteur de la construction et tente, \u00e0 sa mesure, de le limiter dans tous les domaines.\u00a0 Les nouvelles technologies de production permettent de r\u00e9duire de 40% la consommation de mati\u00e8res premi\u00e8res (exemple d\u2019un produit en 6mm pos\u00e9 au sol contre une \u00e9paisseur moyenne habituelle de 10mm). Les \u00e9missions de CO2, ainsi que les particules fines par m2 transport\u00e9es, sont elles aussi r\u00e9duites au regard du poids unitaire, plus faible qu\u2019un carreau traditionnel.<\/p>\n<p>[\/et_pb_accordion_item][et_pb_accordion_item title=\u00a0\u00bbTaille du carrelage de XS \u00e0 XXL\u00a0\u00bb _builder_version=\u00a0\u00bb4.26.0&Prime; _module_preset=\u00a0\u00bbdefault\u00a0\u00bb global_colors_info=\u00a0\u00bb{}\u00a0\u00bb theme_builder_area=\u00a0\u00bbpost_content\u00a0\u00bb open=\u00a0\u00bboff\u00a0\u00bb]<\/p>\n<h5>Les Tailles de Nos Carrelages en C\u00e9ramique<\/h5>\n<p>Nous offrons une gamme compl\u00e8te de carrelages en c\u00e9ramique disponibles en plusieurs tailles, allant de XS \u00e0 XXL, afin de r\u00e9pondre \u00e0 toutes vos envies et besoins en mati\u00e8re de d\u00e9coration int\u00e9rieure et ext\u00e9rieure. Chaque format a \u00e9t\u00e9 soigneusement pens\u00e9 pour offrir des solutions adapt\u00e9es \u00e0 chaque espace et style de vie.<\/p>\n<p><strong>Carrelage XS : Petit et Pr\u00e9cis<\/strong><\/p>\n<ul>\n<li><strong>Dimensions :<\/strong> 5&#215;5 cm, 10&#215;10 cm<\/li>\n<li><strong>Caract\u00e9ristiques :<\/strong> Les carrelages XS sont id\u00e9als pour les petits espaces et les d\u00e9tails d\u00e9coratifs. Leur petite taille permet de cr\u00e9er des motifs complexes et personnalis\u00e9s, apportant une touche d&rsquo;artisanat \u00e0 votre d\u00e9cor.<\/li>\n<li><strong>Applications :<\/strong> Parfaits pour les cr\u00e9dences de cuisine, les mosa\u00efques de salle de bain, et les d\u00e9tails ornementaux autour des chemin\u00e9es ou des cadres de miroir.<\/li>\n<\/ul>\n<p><strong>Carrelage S : Compact et Versatile<\/strong><\/p>\n<ul>\n<li><strong>Dimensions :<\/strong> 20&#215;20 cm, 30&#215;30 cm<\/li>\n<li><strong>Caract\u00e9ristiques :<\/strong> Les carrelages S offrent une grande versatilit\u00e9 tout en restant compacts. Ils sont suffisamment grands pour couvrir rapidement des surfaces tout en \u00e9tant faciles \u00e0 manipuler pour les installations d\u00e9taill\u00e9es.<\/li>\n<li><strong>Applications :<\/strong> Id\u00e9aux pour les sols de cuisine, les murs de salle de bain, et les surfaces de plan de travail, apportant un \u00e9quilibre entre praticit\u00e9 et esth\u00e9tique.<\/li>\n<\/ul>\n<p><strong>Carrelage M : \u00c9quilibre et Harmonie<\/strong><\/p>\n<ul>\n<li><strong>Dimensions :<\/strong> 45&#215;45 cm, 60&#215;60 cm<\/li>\n<li><strong>Caract\u00e9ristiques :<\/strong> Les carrelages de taille M sont con\u00e7us pour apporter un \u00e9quilibre parfait entre la taille et la proportion. Ils sont adapt\u00e9s \u00e0 une vari\u00e9t\u00e9 d\u2019espaces, cr\u00e9ant une sensation de continuit\u00e9 et d\u2019harmonie.<\/li>\n<li><strong>Applications :<\/strong> Excellent choix pour les salons, les salles \u00e0 manger, et les halls d&rsquo;entr\u00e9e, ces carrelages sont assez grands pour minimiser les joints tout en offrant une installation rapide.<\/li>\n<\/ul>\n<p><strong>Carrelage L : Grandeur et \u00c9l\u00e9gance<\/strong><\/p>\n<ul>\n<li><strong>Dimensions :<\/strong> 75&#215;75 cm, 80&#215;80 cm<\/li>\n<li><strong>Caract\u00e9ristiques :<\/strong> Les carrelages L sont parfaits pour les espaces plus vastes. Leur grande taille r\u00e9duit le nombre de joints, ce qui facilite l\u2019entretien et donne une impression de grandeur et de fluidit\u00e9.<\/li>\n<li><strong>Applications :<\/strong> Id\u00e9als pour les grandes pi\u00e8ces \u00e0 vivre, les terrasses, et les espaces commerciaux, ils apportent une touche d&rsquo;\u00e9l\u00e9gance et de sophistication.<\/li>\n<\/ul>\n<p><strong>Carrelage XL : Impact Visuel et Continuit\u00e9<\/strong><\/p>\n<ul>\n<li><strong>Dimensions :<\/strong> 90&#215;90 cm, 100&#215;100 cm<\/li>\n<li><strong>Caract\u00e9ristiques :<\/strong> Les carrelages XL cr\u00e9ent un impact visuel fort avec des lignes \u00e9pur\u00e9es et des surfaces continues. Ils sont parfaits pour les espaces o\u00f9 l&rsquo;on souhaite r\u00e9duire visuellement le nombre de joints.<\/li>\n<li><strong>Applications :<\/strong> Parfaits pour les grandes surfaces commerciales, les halls d&rsquo;entr\u00e9e de b\u00e2timents, et les lofts, o\u00f9 ils apportent une continuit\u00e9 visuelle impressionnante.<\/li>\n<\/ul>\n<p><strong>Carrelage XXL : Majest\u00e9 et Innovation<\/strong><\/p>\n<ul>\n<li><strong>Dimensions :<\/strong> 120&#215;120 cm, 150&#215;150 cm<\/li>\n<li><strong>Caract\u00e9ristiques :<\/strong> Nos carrelages XXL sont les plus grands de notre gamme et sont synonymes de majest\u00e9 et de modernit\u00e9. Ils offrent des surfaces quasi sans joints, ce qui cr\u00e9e un effet spectaculaire.<\/li>\n<li><strong>Applications :<\/strong> Id\u00e9aux pour les espaces ouverts, les grandes salles de r\u00e9ception, les galeries, et les grands espaces ext\u00e9rieurs, ils transforment instantan\u00e9ment un espace par leur pr\u00e9sence imposante.<\/li>\n<\/ul>\n<p>[\/et_pb_accordion_item][et_pb_accordion_item title=\u00a0\u00bbLa technologie\u00a0\u00bb _builder_version=\u00a0\u00bb4.26.0&Prime; _module_preset=\u00a0\u00bbdefault\u00a0\u00bb global_colors_info=\u00a0\u00bb{}\u00a0\u00bb theme_builder_area=\u00a0\u00bbpost_content\u00a0\u00bb open=\u00a0\u00bboff\u00a0\u00bb]<\/p>\n<p>Issues des toutes derni\u00e8res avanc\u00e9es en mati\u00e8re de production de c\u00e9ramique, les technologies utilis\u00e9es pour la fabrication des carreaux sont \u00e0 la pointe de l\u2019innovation. Les choix des mati\u00e8res premi\u00e8res, la pr\u00e9cision de l\u2019affinage, la puissance des presses, la haute d\u00e9finition des d\u00e9cors et la ma\u00eetrise de la cuisson font partie des crit\u00e8res stricts et exigeants qu&rsquo;ART C\u00e9ramic s\u2019est impos\u00e9 et a exig\u00e9 de ses partenaires. Le r\u00e9sultat est une s\u00e9lection \u00e9quilibr\u00e9e et cibl\u00e9e de mat\u00e9riaux aux propri\u00e9t\u00e9s techniques et esth\u00e9tiques incomparables permettant des applications multiples aussi bien traditionnelles qu\u2019innovantes.<\/p>\n<p>[\/et_pb_accordion_item][\/et_pb_accordion][\/et_pb_column][\/et_pb_row][\/et_pb_section]<\/p>\n","protected":false},"excerpt":{"rendered":"<p>Art CeramicNotre Guide<div class=\"et_pb_module dsm_typing_effect dsm_typing_effect_0 et_pb_bg_layout_light \">\n\t\t\t\t\n\t\t\t\t\n\t\t\t\t\n\t\t\t\t\n\t\t\t\t\n\t\t\t\t\n\t\t\t\t<div class=\"et_pb_module_inner\">\n\t\t\t\t\t<h1 class=\"dsm-typing-effect et_pb_module_header\" aria-label=\"En 4 \u00e9tapes\"> <br><span class=\"dsm-typing-wrapper\"><span class=\"dsm-typing-strings\">En 4 \u00e9tapes<\/span><span class=\"dsm-typing\" aria-hidden=\"true\" data-dsm-typing-cursor=\"|\" data-dsm-typing-strings=\"En 4 \u00e9tapes\" data-dsm-typing-speed=112ms data-dsm-typing-backspeed=115ms data-dsm-typing-backdelay=700ms data-dsm-typing-loop=true data-dsm-typing-fadeout=false data-dsm-typing-shuffle=false data-dsm-typing-delay=0ms data-dsm-typing-viewport=80% data-dsm-typing-repeat=off><\/span><\/span><br><\/h1>\n\t\t\t\t<\/div>\n\t\t\t<\/div><div class=\"et_pb_module dsm_content_timeline dsm_content_timeline_0\">\n\t\t\t\t\n\t\t\t\t\n\t\t\t\t\n\t\t\t\t\n\t\t\t\t\n\t\t\t\t\n\t\t\t\t<div class=\"et_pb_module_inner\">\n\t\t\t\t\t<div class=\"dsm-content-timeline-items-wrapper dsm-center\" data-tree-animation=\"on\" data-tree-animation-tablet=\"\" data-tree-animation-phone=\"\" data-image_lightbox=\"off\">\n\t\t\t<div class=\"dsm-content-timeline-tree\">\n\t\t\t\t<div class=\"dsm-content-timeline-tree-progress\"><\/div>\n\t\t\t<\/div>\n\t\t   \n\t\t<\/div>\n\t\t\n\t\t\t\t<\/div>\n\t\t\t<\/div><div class=\"dsm-content-timeline-item-wrapper dsm_content_timeline_child_0\">\n\t\t\t\t\n\t\t\t\t<div class=\"dsm-content-timeline-content-wrapper dsm_wrapper_dsm_content_timeline_child_0 dsm-visibility\">   \t\t\n\t\t\t\t\t\n\t\t\t\t\t<div class=\"dsm-image-wrapper\"><div class=\"dsm-image\"><img decoding=\"async\" src=\"https:\/\/artceramic.fr\/wp-content\/uploads\/2024\/07\/creative-light-bulb-abstract-glowing-blue-background-generative-ai-scaled.jpg\" alt=\"\" title=\"Creative light bulb abstract on glowing blue background ,generative AI\" srcset=\"https:\/\/artceramic.fr\/wp-content\/uploads\/2024\/07\/creative-light-bulb-abstract-glowing-blue-background-generative-ai-scaled.jpg 1752w, https:\/\/artceramic.fr\/wp-content\/uploads\/2024\/07\/creative-light-bulb-abstract-glowing-blue-background-generative-ai-1280x1870.jpg 1280w, https:\/\/artceramic.fr\/wp-content\/uploads\/2024\/07\/creative-light-bulb-abstract-glowing-blue-background-generative-ai-980x1432.jpg 980w, https:\/\/artceramic.fr\/wp-content\/uploads\/2024\/07\/creative-light-bulb-abstract-glowing-blue-background-generative-ai-480x701.jpg 480w\" sizes=\"(min-width: 0px) and (max-width: 480px) 480px, (min-width: 481px) and (max-width: 980px) 980px, (min-width: 981px) and (max-width: 1280px) 1280px, (min-width: 1281px) 1752px, 100vw\" \/><\/div><\/div>\n\t\t\t\t\t\n\t\t\t\t\t<div class=\"dsm-timeline-content\">\n\t\t\t\t\t\t<h4 class=\"dsm-title\">Inspirez-vous librement<\/h4>\n\t\t\t\t\t\t<div class=\"dsm-description\">Choisissez la d\u00e9co qui vous ressemble en vous inspirant de nos conseils.Donnez vie \u00e0 vos id\u00e9es en feuilletant \u00e9galement notre brochure.<\/div>\n\t\t\t\t\t\t\n\t\t\t\t\t\t\n\t\t\t\t\t<\/div>\t\n\t\t\t\t<\/div>\n\t\t\t\t<div class=\"dsm-pointer-wrapper\">\n\t\t\t\t\t\n\t\t\t\t\t\n\t\t\t\t<\/div>\n\t\t\t<\/div><div class=\"dsm-content-timeline-item-wrapper dsm_content_timeline_child_1\">\n\t\t\t\t\n\t\t\t\t<div class=\"dsm-content-timeline-content-wrapper dsm_wrapper_dsm_content_timeline_child_1 dsm-visibility\">   \t\t\n\t\t\t\t\t\n\t\t\t\t\t<div class=\"dsm-image-wrapper\"><div class=\"dsm-image\"><img decoding=\"async\" src=\"https:\/\/artceramic.fr\/wp-content\/uploads\/2024\/07\/top-half-view-round-platter-black-table-with-free-place-scaled.jpg\" alt=\"\" title=\"top-half-view-round-platter-black-table-with-free-place\" srcset=\"https:\/\/artceramic.fr\/wp-content\/uploads\/2024\/07\/top-half-view-round-platter-black-table-with-free-place-scaled.jpg 1708w, https:\/\/artceramic.fr\/wp-content\/uploads\/2024\/07\/top-half-view-round-platter-black-table-with-free-place-1280x1919.jpg 1280w, https:\/\/artceramic.fr\/wp-content\/uploads\/2024\/07\/top-half-view-round-platter-black-table-with-free-place-980x1469.jpg 980w, https:\/\/artceramic.fr\/wp-content\/uploads\/2024\/07\/top-half-view-round-platter-black-table-with-free-place-480x719.jpg 480w\" sizes=\"(min-width: 0px) and (max-width: 480px) 480px, (min-width: 481px) and (max-width: 980px) 980px, (min-width: 981px) and (max-width: 1280px) 1280px, (min-width: 1281px) 1708px, 100vw\" \/><\/div><\/div>\n\t\t\t\t\t\n\t\t\t\t\t<div class=\"dsm-timeline-content\">\n\t\t\t\t\t\t<h4 class=\"dsm-title\"> D\u00e9terminez l\u2019application<\/h4>\n\t\t\t\t\t\t<div class=\"dsm-description\">Au-del\u00e0 des habituelles destinations sol et mur et gr\u00e2ce aux propri\u00e9t\u00e9s exceptionnelles de la s\u00e9lection Art Ceramic, la c\u00e9ramique exprime aujourd\u2019hui ses atouts sur des applications nouvelles telles que : le rev\u00eatement de mur, le rev\u00eatement de sol, le plan de travail de cuisine, le placage de mobilier, le plan vasque, le plateau de table et la fa\u00e7ade. Vous allez en surprendre plus d\u2019un avec toutes les possibilit\u00e9s du carrelage grand format.<\/div>\n\t\t\t\t\t\t\n\t\t\t\t\t\t\n\t\t\t\t\t<\/div>\t\n\t\t\t\t<\/div>\n\t\t\t\t<div class=\"dsm-pointer-wrapper\">\n\t\t\t\t\t\n\t\t\t\t\t\n\t\t\t\t<\/div>\n\t\t\t<\/div><div class=\"dsm-content-timeline-item-wrapper dsm_content_timeline_child_2\">\n\t\t\t\t\n\t\t\t\t<div class=\"dsm-content-timeline-content-wrapper dsm_wrapper_dsm_content_timeline_child_2 dsm-visibility\">   \t\t\n\t\t\t\t\t\n\t\t\t\t\t<div class=\"dsm-image-wrapper\"><div class=\"dsm-image\"><img decoding=\"async\" src=\"\" alt=\"\" title=\"\u00bbtop-half-view-round-platter-black-table-with-free-place\" class=\"et_multi_view_hidden_image\" \/><\/div><\/div>\n\t\t\t\t\t\n\t\t\t\t\t<div class=\"dsm-timeline-content\">\n\t\t\t\t\t\t<h4 class=\"dsm-title\">\u00bbChoisissez<\/h4>\n\t\t\t\t\t\t<div class=\"dsm-description\">\u00bbVous<\/div>\n\t\t\t\t\t\t\n\t\t\t\t\t\t\n\t\t\t\t\t<\/div>\t\n\t\t\t\t<\/div>\n\t\t\t\t<div class=\"dsm-pointer-wrapper\">\n\t\t\t\t\t\n\t\t\t\t\t\n\t\t\t\t<\/div>\n\t\t\t<\/div><\/p>\n","protected":false},"author":1,"featured_media":0,"parent":0,"menu_order":0,"comment_status":"closed","ping_status":"closed","template":"","meta":{"_et_pb_use_builder":"on","_et_pb_old_content":"<!-- wp:divi\/placeholder \/-->","_et_gb_content_width":"","footnotes":""},"class_list":["post-258561","page","type-page","status-publish","hentry"],"_links":{"self":[{"href":"https:\/\/artceramic.fr\/index.php\/wp-json\/wp\/v2\/pages\/258561","targetHints":{"allow":["GET"]}}],"collection":[{"href":"https:\/\/artceramic.fr\/index.php\/wp-json\/wp\/v2\/pages"}],"about":[{"href":"https:\/\/artceramic.fr\/index.php\/wp-json\/wp\/v2\/types\/page"}],"author":[{"embeddable":true,"href":"https:\/\/artceramic.fr\/index.php\/wp-json\/wp\/v2\/users\/1"}],"replies":[{"embeddable":true,"href":"https:\/\/artceramic.fr\/index.php\/wp-json\/wp\/v2\/comments?post=258561"}],"version-history":[{"count":3,"href":"https:\/\/artceramic.fr\/index.php\/wp-json\/wp\/v2\/pages\/258561\/revisions"}],"predecessor-version":[{"id":258571,"href":"https:\/\/artceramic.fr\/index.php\/wp-json\/wp\/v2\/pages\/258561\/revisions\/258571"}],"wp:attachment":[{"href":"https:\/\/artceramic.fr\/index.php\/wp-json\/wp\/v2\/media?parent=258561"}],"curies":[{"name":"wp","href":"https:\/\/api.w.org\/{rel}","templated":true}]}}